{"id":10,"date":"2015-02-20T20:12:13","date_gmt":"2015-02-20T20:12:13","guid":{"rendered":"https:\/\/avada.theme-fusion.com_demos\/law\/?page_id=10"},"modified":"2023-01-07T11:17:02","modified_gmt":"2023-01-07T10:17:02","slug":"presentation-du-projet","status":"publish","type":"page","link":"https:\/\/www.cannes-ecluse.com\/","title":{"rendered":"Pr\u00e9sentation du projet"},"content":{"rendered":"<div class=\"fusion-fullwidth fullwidth-box fusion-builder-row-1 fusion-flex-container nonhundred-percent-fullwidth non-hundred-percent-height-scrolling\" style=\"--awb-background-position:left top;--awb-border-sizes-top:0px;--awb-border-sizes-bottom:0px;--awb-border-sizes-left:0px;--awb-border-sizes-right:0px;--awb-border-radius-top-left:0px;--awb-border-radius-top-right:0px;--awb-border-radius-bottom-right:0px;--awb-border-radius-bottom-left:0px;--awb-padding-top:110px;--awb-padding-bottom:80px;--awb-padding-top-medium:72px;--awb-padding-bottom-medium:60px;--awb-padding-bottom-small:48px;\" ><div class=\"fusion-builder-row fusion-row fusion-flex-align-items-flex-start\" style=\"max-width:1216.8px;margin-left: calc(-4% \/ 2 );margin-right: calc(-4% \/ 2 );\"><div class=\"fusion-layout-column fusion_builder_column fusion-builder-column-0 fusion_builder_column_1_1 1_1 fusion-flex-column fusion-flex-align-self-flex-start fusion-column-no-min-height\" style=\"--awb-bg-blend:overlay;--awb-bg-size:cover;--awb-width-large:100%;--awb-margin-top-large:0px;--awb-spacing-right-large:1.92%;--awb-margin-bottom-large:0px;--awb-spacing-left-large:1.92%;--awb-width-medium:100%;--awb-spacing-right-medium:1.92%;--awb-spacing-left-medium:1.92%;--awb-width-small:100%;--awb-spacing-right-small:1.92%;--awb-spacing-left-small:1.92%;\"><div class=\"fusion-column-wrapper fusion-flex-justify-content-flex-start fusion-content-layout-column\"><div class=\"fusion-separator fusion-full-width-sep\" style=\"align-self: center;margin-left: auto;margin-right: auto;margin-top:0px;margin-bottom:0px;width:100%;\"><div class=\"fusion-separator-border sep-single sep-solid\" style=\"border-color:var(--awb-color5);border-top-width:5px;\"><\/div><\/div><\/div><\/div><div class=\"fusion-layout-column fusion_builder_column fusion-builder-column-1 fusion_builder_column_1_1 1_1 fusion-flex-column green-border rounded-border\" style=\"--awb-padding-top:60px;--awb-padding-right:60px;--awb-padding-bottom:50px;--awb-padding-left:60px;--awb-padding-bottom-medium:16px;--awb-bg-color:var(--awb-color1);--awb-bg-size:cover;--awb-border-color:var(--awb-color3);--awb-border-top:1px;--awb-border-right:1px;--awb-border-bottom:1px;--awb-border-left:1px;--awb-border-style:solid;--awb-width-large:100%;--awb-spacing-right-large:1.92%;--awb-margin-bottom-large:40px;--awb-spacing-left-large:1.92%;--awb-width-medium:100%;--awb-spacing-right-medium:1.92%;--awb-spacing-left-medium:1.92%;--awb-width-small:100%;--awb-spacing-right-small:1.92%;--awb-spacing-left-small:1.92%;\"><div class=\"fusion-column-wrapper fusion-flex-justify-content-flex-start fusion-content-layout-column\"><div class=\"fusion-builder-row fusion-builder-row-inner fusion-row fusion-flex-align-items-flex-start\" style=\"width:104% !important;max-width:104% !important;margin-left: calc(-4% \/ 2 );margin-right: calc(-4% \/ 2 );\"><div class=\"fusion-layout-column fusion_builder_column_inner fusion-builder-nested-column-0 fusion_builder_column_inner_1_1 1_1 fusion-flex-column fusion-flex-align-self-center\" style=\"--awb-bg-size:cover;--awb-width-large:100%;--awb-spacing-right-large:1.92%;--awb-margin-bottom-large:0px;--awb-spacing-left-large:0px;--awb-width-medium:75%;--awb-spacing-right-medium:2.56%;--awb-spacing-left-medium:0px;--awb-width-small:100%;--awb-spacing-right-small:1.92%;--awb-spacing-left-small:1.92%;\"><div class=\"fusion-column-wrapper fusion-column-has-shadow fusion-flex-justify-content-flex-start fusion-content-layout-column\"><div class=\"fusion-text fusion-text-1\"><p class=\"m_-1464595672069215617MsoListParagraph\">Conform\u00e9ment aux orientations d\u2019am\u00e9nagement et de programmation (OAP) ainsi qu\u2019aux dispositions du plan local d\u2019urbanisme (PLU) de la commune de Cannes-Ecluse, le projet pr\u00e9voit la construction d\u2019un ensemble immobilier comprenant 210 logements, une r\u00e9sidence pour s\u00e9niors, une zone artisanale, un p\u00f4le sant\u00e9 r\u00e9alis\u00e9 par la commune.<u><\/u><u><\/u><\/p>\n<p class=\"m_-1464595672069215617MsoListParagraph\"><u><\/u>\u00a0<u><\/u>Le d\u00e9tail de la programmation est le suivant :<u><\/u><u><\/u><\/p>\n<p class=\"m_-1464595672069215617MsoListParagraph\">\u2013 les 210 logements comprennent :<u><\/u><u><\/u><\/p>\n<ul type=\"disc\">\n<li class=\"m_-1464595672069215617MsoListParagraph\"><em>119 maisons individuelles<u><\/u><u><\/u><\/em><\/li>\n<li class=\"m_-1464595672069215617MsoListParagraph\"><em>91 logements collectifs r\u00e9partis sur 4 b\u00e2timents<\/em><u><\/u><u><\/u><\/li>\n<\/ul>\n<p class=\"m_-1464595672069215617MsoListParagraph\">\u2013 une zone \u00e0 vocation commerciale et artisanale<u><\/u><u><\/u><\/p>\n<p class=\"m_-1464595672069215617MsoListParagraph\">\u2013 une r\u00e9sidence pour s\u00e9niors<u><\/u><u><\/u><\/p>\n<p class=\"m_-1464595672069215617MsoListParagraph\"><u><\/u>\u00a0<u><\/u>L\u2019enqu\u00eate publique aura lieu du 9 janvier 2023 au 13 f\u00e9vrier 2023.<u><\/u><u><\/u><\/p>\n<p class=\"m_-1464595672069215617MsoListParagraph\">Les pi\u00e8ces du dossier sont consultables \u00e0 la Mairie de Cannes-Ecluse, 67, rue D\u00e9sir\u00e9 Thoison.<u><\/u><u><\/u><u><\/u>\u00a0<u><\/u><\/p>\n<p class=\"m_-1464595672069215617MsoListParagraph\">Toutes les modalit\u00e9s de consultation du dossier, de transmission des observations et propositions ainsi que de rencontres en permanence du commissaire enqu\u00eateur sont mentionn\u00e9es dans l\u2019arr\u00eat\u00e9 d\u2019ouverture d\u2019enqu\u00eate publique.<\/p>\n<\/div><\/div><\/div><\/div><\/div><\/div><\/div><\/div>\n","protected":false},"excerpt":{"rendered":"","protected":false},"author":1,"featured_media":0,"parent":0,"menu_order":0,"comment_status":"open","ping_status":"open","template":"100-width.php","meta":{"footnotes":""},"class_list":["post-10","page","type-page","status-publish","hentry"],"_links":{"self":[{"href":"https:\/\/www.cannes-ecluse.com\/index.php\/wp-json\/wp\/v2\/pages\/10","targetHints":{"allow":["GET"]}}],"collection":[{"href":"https:\/\/www.cannes-ecluse.com\/index.php\/wp-json\/wp\/v2\/pages"}],"about":[{"href":"https:\/\/www.cannes-ecluse.com\/index.php\/wp-json\/wp\/v2\/types\/page"}],"author":[{"embeddable":true,"href":"https:\/\/www.cannes-ecluse.com\/index.php\/wp-json\/wp\/v2\/users\/1"}],"replies":[{"embeddable":true,"href":"https:\/\/www.cannes-ecluse.com\/index.php\/wp-json\/wp\/v2\/comments?post=10"}],"version-history":[{"count":13,"href":"https:\/\/www.cannes-ecluse.com\/index.php\/wp-json\/wp\/v2\/pages\/10\/revisions"}],"predecessor-version":[{"id":1449,"href":"https:\/\/www.cannes-ecluse.com\/index.php\/wp-json\/wp\/v2\/pages\/10\/revisions\/1449"}],"wp:attachment":[{"href":"https:\/\/www.cannes-ecluse.com\/index.php\/wp-json\/wp\/v2\/media?parent=10"}],"curies":[{"name":"wp","href":"https:\/\/api.w.org\/{rel}","templated":true}]}}